{"id":249,"date":"2026-02-09T23:34:58","date_gmt":"2026-02-09T16:34:58","guid":{"rendered":"https:\/\/ilovejuny.com\/?page_id=249"},"modified":"2026-03-07T17:44:02","modified_gmt":"2026-03-07T10:44:02","slug":"blog","status":"publish","type":"page","link":"https:\/\/ilovejuny.com\/","title":{"rendered":"N\u01a1i Ch\u1ee9a \u0110\u1ef1ng Y\u00eau Th\u01b0\u01a1ng: Cu\u1ed9c H\u00e0nh Tr\u00ecnh C\u1ee7a Ch\u00fang T\u00f4i"},"content":{"rendered":"\n<p class=\"has-large-font-size\">Ch\u00e0o m\u1eebng b\u1ea1n \u0111\u1ebfn v\u1edbi th\u1ebf gi\u1edbi nh\u1ecf b\u00e9 nh\u01b0ng \u0111\u1ea7y \u1eafp y\u00eau th\u01b0\u01a1ng c\u1ee7a ch\u00fang m\u00ecnh. \u0110\u00e2y kh\u00f4ng ch\u1ec9 l\u00e0 m\u1ed9t website, m\u00e0 l\u00e0 n\u01a1i l\u01b0u gi\u1eef t\u1eebng nh\u1ecbp \u0111\u1eadp d\u1ecbu d\u00e0ng c\u1ee7a hai tr\u00e1i tim \u0111\u00e3 t\u00ecm th\u1ea5y nhau gi\u1eefa mu\u00f4n v\u00e0n ng\u01b0\u1eddi ngo\u00e0i kia. Trong th\u1ebf gi\u1edbi r\u1ed9ng l\u1edbn v\u00e0 \u0111\u00f4i khi v\u1ed9i v\u00e3 n\u00e0y, t\u00ecnh y\u00eau c\u1ee7a ch\u00fang m\u00ecnh gi\u1ed1ng nh\u01b0 m\u1ed9t kho\u1ea3ng l\u1eb7ng \u00eam \u0111\u1ec1m \u2013 n\u01a1i m\u1ecdi lo toan \u0111\u01b0\u1ee3c xoa d\u1ecbu, n\u01a1i ch\u1ec9 c\u00f2n l\u1ea1i s\u1ef1 ch\u00e2n th\u00e0nh, tin t\u01b0\u1edfng v\u00e0 nh\u1eefng \u0111\u1ed3ng c\u1ea3m \u1ea5m \u00e1p.<\/p>\n\n\n\n<p class=\"has-large-font-size\">Trang web n\u00e0y \u0111\u01b0\u1ee3c t\u1ea1o ra nh\u01b0 m\u1ed9t cu\u1ed1n nh\u1eadt k\u00fd ri\u00eang t\u01b0, \u0111\u1ec3 ghi l\u1ea1i nh\u1eefng kho\u1ea3nh kh\u1eafc t\u01b0\u1edfng ch\u1eebng nh\u1ecf b\u00e9 nh\u01b0ng l\u1ea1i v\u00f4 c\u00f9ng qu\u00fd gi\u00e1: m\u1ed9t n\u1ee5 c\u01b0\u1eddi, m\u1ed9t c\u00e1i n\u1eafm tay, m\u1ed9t l\u1eddi h\u1ee9a th\u00ec th\u1ea7m, hay \u0111\u01a1n gi\u1ea3n ch\u1ec9 l\u00e0 c\u1ea3m gi\u00e1c b\u00ecnh y\u00ean khi c\u00f3 Juny \u1edf b\u00ean. M\u1ed7i d\u00f2ng ch\u1eef \u1edf \u0111\u00e2y \u0111\u1ec1u \u0111\u01b0\u1ee3c vi\u1ebft b\u1eb1ng t\u1ea5t c\u1ea3 s\u1ef1 y\u00eau th\u01b0\u01a1ng v\u00e0 bi\u1ebft \u01a1n, b\u1edfi v\u00ec t\u00ecnh y\u00eau kh\u00f4ng ch\u1ec9 l\u00e0 nh\u1eefng \u0111i\u1ec1u l\u1edbn lao, m\u00e0 c\u00f2n l\u00e0 s\u1ef1 hi\u1ec7n di\u1ec7n l\u1eb7ng th\u1ea7m nh\u01b0ng kh\u00f4ng th\u1ec3 thay th\u1ebf c\u1ee7a ng\u01b0\u1eddi m\u00ecnh th\u01b0\u01a1ng.<\/p>\n\n\n\n<p class=\"has-large-font-size\">Juny l\u00e0 \u0111i\u1ec1u d\u1ecbu d\u00e0ng nh\u1ea5t \u0111\u00e3 \u0111\u1ebfn trong cu\u1ed9c \u0111\u1eddi t\u00f4i \u2013 l\u00e0 \u00e1nh s\u00e1ng khi\u1ebfn nh\u1eefng ng\u00e0y b\u00ecnh th\u01b0\u1eddng tr\u1edf n\u00ean \u0111\u1eb7c bi\u1ec7t, l\u00e0 l\u00fd do \u0111\u1ec3 t\u00f4i tin r\u1eb1ng y\u00eau v\u00e0 \u0111\u01b0\u1ee3c y\u00eau l\u00e0 m\u00f3n qu\u00e0 \u0111\u1eb9p nh\u1ea5t. V\u00e0 n\u01a1i \u0111\u00e2y s\u1ebd m\u00e3i l\u00e0 ch\u1ed1n ri\u00eang t\u01b0 c\u1ee7a hai ch\u00fang m\u00ecnh, n\u01a1i t\u00ecnh y\u00eau \u0111\u01b0\u1ee3c n\u00e2ng niu, g\u00ecn gi\u1eef v\u00e0 l\u1edbn l\u00ean theo n\u0103m th\u00e1ng.<\/p>\n\n\n\n<div class=\"wp-block-buttons is-content-justification-center is-layout-flex wp-container-core-buttons-is-layout-a89b3969 wp-block-buttons-is-layout-flex\">\n<div class=\"wp-block-button\"><a class=\"wp-block-button__link wp-element-button\" href=\"https:\/\/ilovejuny.com\/blog\">\u0110\u1ecdc Blog<\/a><\/div>\n<\/div>\n\n\n\n<p class=\"has-large-font-size\"><\/p>\n","protected":false},"excerpt":{"rendered":"<p>Ch\u00e0o m\u1eebng b\u1ea1n \u0111\u1ebfn v\u1edbi th\u1ebf gi\u1edbi nh\u1ecf b\u00e9 nh\u01b0ng \u0111\u1ea7y \u1eafp y\u00eau th\u01b0\u01a1ng c\u1ee7a ch\u00fang m\u00ecnh. \u0110\u00e2y kh\u00f4ng ch\u1ec9 l\u00e0 m\u1ed9t website, m\u00e0 l\u00e0 n\u01a1i l\u01b0u gi\u1eef t\u1eebng nh\u1ecbp \u0111\u1eadp d\u1ecbu d\u00e0ng c\u1ee7a hai tr\u00e1i tim \u0111\u00e3 t\u00ecm th\u1ea5y nhau gi\u1eefa mu\u00f4n v\u00e0n ng\u01b0\u1eddi ngo\u00e0i kia. Trong th\u1ebf gi\u1edbi r\u1ed9ng l\u1edbn v\u00e0 \u0111\u00f4i khi [&hellip;]<\/p>\n","protected":false},"author":1,"featured_media":450,"parent":0,"menu_order":0,"comment_status":"closed","ping_status":"closed","template":"","meta":{"footnotes":""},"class_list":["post-249","page","type-page","status-publish","has-post-thumbnail","hentry"],"jetpack_sharing_enabled":true,"_links":{"self":[{"href":"https:\/\/ilovejuny.com\/index.php?rest_route=\/wp\/v2\/pages\/249","targetHints":{"allow":["GET"]}}],"collection":[{"href":"https:\/\/ilovejuny.com\/index.php?rest_route=\/wp\/v2\/pages"}],"about":[{"href":"https:\/\/ilovejuny.com\/index.php?rest_route=\/wp\/v2\/types\/page"}],"author":[{"embeddable":true,"href":"https:\/\/ilovejuny.com\/index.php?rest_route=\/wp\/v2\/users\/1"}],"replies":[{"embeddable":true,"href":"https:\/\/ilovejuny.com\/index.php?rest_route=%2Fwp%2Fv2%2Fcomments&post=249"}],"version-history":[{"count":4,"href":"https:\/\/ilovejuny.com\/index.php?rest_route=\/wp\/v2\/pages\/249\/revisions"}],"predecessor-version":[{"id":584,"href":"https:\/\/ilovejuny.com\/index.php?rest_route=\/wp\/v2\/pages\/249\/revisions\/584"}],"wp:featuredmedia":[{"embeddable":true,"href":"https:\/\/ilovejuny.com\/index.php?rest_route=\/wp\/v2\/media\/450"}],"wp:attachment":[{"href":"https:\/\/ilovejuny.com\/index.php?rest_route=%2Fwp%2Fv2%2Fmedia&parent=249"}],"curies":[{"name":"wp","href":"https:\/\/api.w.org\/{rel}","templated":true}]}}