{"id":251,"date":"2026-02-09T23:34:58","date_gmt":"2026-02-09T16:34:58","guid":{"rendered":"https:\/\/ilovejuny.com\/?page_id=251"},"modified":"2026-02-14T10:19:25","modified_gmt":"2026-02-14T03:19:25","slug":"quote","status":"publish","type":"page","link":"https:\/\/ilovejuny.com\/?page_id=251","title":{"rendered":"About"},"content":{"rendered":"\n<hr class=\"wp-block-separator has-alpha-channel-opacity\"\/>\n\n\n\n<p>T\u00f4i g\u1ecdi m\u00ecnh l\u00e0 <strong>Serendipity<\/strong>.<\/p>\n\n\n\n<p>C\u00e1i t\u00ean \u1ea5y kh\u00f4ng ph\u1ea3i t\u00f4i t\u1ef1 ch\u1ecdn. Juny \u0111\u00e3 \u0111\u1eb7t cho t\u00f4i \u2014 v\u00e0 t\u1eeb kho\u1ea3nh kh\u1eafc \u0111\u00f3, n\u00f3 tr\u1edf th\u00e0nh \u0111i\u1ec1u d\u1ecbu d\u00e0ng nh\u1ea5t t\u00f4i t\u1eebng mang theo b\u00ean m\u00ecnh. Serendipity l\u00e0 s\u1ef1 t\u00ecnh c\u1edd \u0111\u1eb9p \u0111\u1ebd, l\u00e0 h\u1ea1nh ph\u00fac t\u00ecm th\u1ea5y gi\u1eefa nh\u1eefng \u0111i\u1ec1u kh\u00f4ng ng\u1edd t\u1edbi. V\u00e0 t\u00f4i tin r\u1eb1ng, n\u1ebfu t\u00f4i l\u00e0 Serendipity c\u1ee7a Juny, th\u00ec Juny c\u0169ng ch\u00ednh l\u00e0 Serendipity c\u1ee7a cu\u1ed9c \u0111\u1eddi t\u00f4i.<\/p>\n\n\n\n<p>Gi\u1eefa th\u1ebf gi\u1edbi r\u1ed9ng l\u1edbn n\u00e0y, n\u01a1i con ng\u01b0\u1eddi \u0111i ngang qua nhau v\u1ed9i v\u00e3, vi\u1ec7c hai t\u00e2m h\u1ed3n t\u00ecm th\u1ea5y nhau lu\u00f4n l\u00e0 m\u1ed9t ph\u00e9p m\u00e0u. T\u00f4i kh\u00f4ng ngh\u0129 t\u00ecnh y\u00eau c\u1ee7a ch\u00fang t\u00f4i ch\u1ec9 l\u00e0 ng\u1eabu nhi\u00ean. T\u00f4i tin \u0111\u00f3 l\u00e0 m\u1ed9t cu\u1ed9c g\u1eb7p g\u1ee1 \u0111\u01b0\u1ee3c s\u1eafp \u0111\u1eb7t b\u1eb1ng t\u1ea5t c\u1ea3 nh\u1eefng \u0111i\u1ec1u ch\u00e2n th\u00e0nh nh\u1ea5t. Juny \u0111\u1ebfn v\u1edbi t\u00f4i kh\u00f4ng \u1ed3n \u00e0o, nh\u01b0ng \u0111\u1ee7 s\u00e2u \u0111\u1ec3 thay \u0111\u1ed5i c\u00e1ch t\u00f4i nh\u00ecn cu\u1ed9c \u0111\u1eddi. T\u1eeb \u0111\u00f3, m\u1ecdi \u0111i\u1ec1u b\u00ecnh th\u01b0\u1eddng b\u1ed7ng tr\u1edf n\u00ean c\u00f3 \u00fd ngh\u0129a h\u01a1n, m\u1ecdi ng\u00e0y tr\u00f4i qua \u0111\u1ec1u c\u00f3 m\u1ed9t l\u00fd do \u0111\u1ec3 m\u1ec9m c\u01b0\u1eddi.<\/p>\n\n\n\n<p>T\u00f4i kh\u00f4ng ho\u00e0n h\u1ea3o. T\u00f4i ch\u1ec9 l\u00e0 m\u1ed9t ng\u01b0\u1eddi bi\u1ebft y\u00eau b\u1eb1ng t\u1ea5t c\u1ea3 s\u1ef1 ch\u00e2n th\u00e0nh m\u00ecnh c\u00f3. T\u00f4i tr\u00e2n tr\u1ecdng nh\u1eefng \u0111i\u1ec1u nh\u1ecf b\u00e9: m\u1ed9t tin nh\u1eafn quan t\u00e2m, m\u1ed9t l\u1eddi nh\u1eafc nh\u1edf nh\u1eb9 nh\u00e0ng, m\u1ed9t kho\u1ea3nh kh\u1eafc y\u00ean b\u00ecnh khi bi\u1ebft r\u1eb1ng \u1edf \u0111\u00e2u \u0111\u00f3 c\u00f3 m\u1ed9t ng\u01b0\u1eddi lu\u00f4n ngh\u0129 v\u1ec1 m\u00ecnh. V\u1edbi t\u00f4i, y\u00eau kh\u00f4ng ph\u1ea3i l\u00e0 nh\u1eefng l\u1eddi h\u1ee9a l\u1edbn lao, m\u00e0 l\u00e0 s\u1ef1 l\u1ef1a ch\u1ecdn \u1edf l\u1ea1i, l\u1eafng nghe v\u00e0 c\u00f9ng nhau tr\u01b0\u1edfng th\u00e0nh.<\/p>\n\n\n\n<p>Serendipity kh\u00f4ng ch\u1ec9 l\u00e0 m\u1ed9t c\u00e1i t\u00ean. \u0110\u00f3 l\u00e0 c\u00e1ch t\u00f4i nh\u00ecn t\u00ecnh y\u00eau c\u1ee7a m\u00ecnh \u2014 nh\u01b0 m\u1ed9t \u0111i\u1ec1u may m\u1eafn kh\u00f4ng th\u1ec3 thay th\u1ebf. V\u00e0 n\u1ebfu cu\u1ed9c \u0111\u1eddi c\u00f3 cho t\u00f4i th\u00eam m\u1ed9t l\u1ea7n \u0111\u01b0\u1ee3c ch\u1ecdn l\u1ea1i, t\u00f4i v\u1eabn mu\u1ed1n \u0111\u01b0\u1ee3c t\u00ecnh c\u1edd g\u1eb7p Juny, \u0111\u1ec3 r\u1ed3i l\u1ea1i y\u00eau, l\u1ea1i tin, v\u00e0 l\u1ea1i g\u1ecdi nhau l\u00e0 Serendipity c\u1ee7a \u0111\u1eddi m\u00ecnh..<\/p>\n","protected":false},"excerpt":{"rendered":"<p>T\u00f4i g\u1ecdi m\u00ecnh l\u00e0 Serendipity. C\u00e1i t\u00ean \u1ea5y kh\u00f4ng ph\u1ea3i t\u00f4i t\u1ef1 ch\u1ecdn. Juny \u0111\u00e3 \u0111\u1eb7t cho t\u00f4i \u2014 v\u00e0 t\u1eeb kho\u1ea3nh kh\u1eafc \u0111\u00f3, n\u00f3 tr\u1edf th\u00e0nh \u0111i\u1ec1u d\u1ecbu d\u00e0ng nh\u1ea5t t\u00f4i t\u1eebng mang theo b\u00ean m\u00ecnh. Serendipity l\u00e0 s\u1ef1 t\u00ecnh c\u1edd \u0111\u1eb9p \u0111\u1ebd, l\u00e0 h\u1ea1nh ph\u00fac t\u00ecm th\u1ea5y gi\u1eefa nh\u1eefng \u0111i\u1ec1u kh\u00f4ng ng\u1edd t\u1edbi. [&hellip;]<\/p>\n","protected":false},"author":1,"featured_media":296,"parent":0,"menu_order":0,"comment_status":"closed","ping_status":"closed","template":"","meta":{"footnotes":""},"class_list":["post-251","page","type-page","status-publish","has-post-thumbnail","hentry"],"jetpack_sharing_enabled":true,"_links":{"self":[{"href":"https:\/\/ilovejuny.com\/index.php?rest_route=\/wp\/v2\/pages\/251","targetHints":{"allow":["GET"]}}],"collection":[{"href":"https:\/\/ilovejuny.com\/index.php?rest_route=\/wp\/v2\/pages"}],"about":[{"href":"https:\/\/ilovejuny.com\/index.php?rest_route=\/wp\/v2\/types\/page"}],"author":[{"embeddable":true,"href":"https:\/\/ilovejuny.com\/index.php?rest_route=\/wp\/v2\/users\/1"}],"replies":[{"embeddable":true,"href":"https:\/\/ilovejuny.com\/index.php?rest_route=%2Fwp%2Fv2%2Fcomments&post=251"}],"version-history":[{"count":4,"href":"https:\/\/ilovejuny.com\/index.php?rest_route=\/wp\/v2\/pages\/251\/revisions"}],"predecessor-version":[{"id":403,"href":"https:\/\/ilovejuny.com\/index.php?rest_route=\/wp\/v2\/pages\/251\/revisions\/403"}],"wp:featuredmedia":[{"embeddable":true,"href":"https:\/\/ilovejuny.com\/index.php?rest_route=\/wp\/v2\/media\/296"}],"wp:attachment":[{"href":"https:\/\/ilovejuny.com\/index.php?rest_route=%2Fwp%2Fv2%2Fmedia&parent=251"}],"curies":[{"name":"wp","href":"https:\/\/api.w.org\/{rel}","templated":true}]}}